{"id":4515,"date":"2017-01-16T19:25:15","date_gmt":"2017-01-16T18:25:15","guid":{"rendered":"http:\/\/www.panoramic-hotel.de\/anfahrt\/"},"modified":"2023-03-13T14:36:30","modified_gmt":"2023-03-13T13:36:30","slug":"how-to-get-there","status":"publish","type":"page","link":"https:\/\/www.panoramic-hotel.de\/en\/how-to-get-there\/","title":{"rendered":"Directions"},"content":{"rendered":"<p><section id=\"bt_section69dec84700a9b\"  class=\"boldSection topSpaced bottomSemiSpaced gutter inherit\" ><div class=\"port\"><div class=\"boldCell\"><div class=\"boldCellInner\"><div class=\"boldRow \" ><div class=\"boldRowInner\"><div class=\"rowItem col-md-8 col-ms-12 btTextLeft btMiddleVertical\"  data-width=\"8\"><div class=\"rowItemContent\" ><div class=\"rowItemContentInner\"><header class=\"header btClear extralarge btDash bottomDash  btHeadlineDefaultColor btBottomDashAccentColor\" ><div class=\"dash\"><h1><span class=\"headline\">Directions<\/span><\/h1><\/div><\/header><\/div><\/div><\/div><div class=\"rowItem col-md-4 col-ms-12 btTextLeft btMiddleVertical\"  data-width=\"4\"><div class=\"rowItemContent\" ><div class=\"rowItemContentInner\"><\/div><\/div><\/div><\/div><\/div><\/div><\/div><\/div><\/section><section id=\"bt_section69dec84700cd4\"  class=\"boldSection bottomSemiSpaced gutter inherit\" ><div class=\"port\"><div class=\"boldCell\"><div class=\"boldCellInner\"><div class=\"boldRow \" ><div class=\"boldRowInner\"><div class=\"rowItem col-md-12 col-ms-12  btTextCenter inherit\"  data-width=\"12\"><div class=\"rowItemContent\" ><div class=\"rowItemContentInner\"><div class=\"btText\" >\r\n    <div class=\"googlemap\">\r\n                        <div class=\"map-placeholder\"\r\n                             data-iframe-src=\"https:\/\/www.google.com\/maps\/embed?pb=!1m18!1m12!1m3!1d116269.94102077944!2d10.359507196087797!3d51.711604650746956!2m3!1f0!2f0!3f0!3m2!1i1024!2i768!4f13.1!3m3!1m2!1s0x47a5194b2a3ac857%3A0x71ca99449521303e!2sPanoramic%20Hotel%20Harz!5e0!3m2!1sde!2sde!4v1602283054544!5m2!1sde!2sde\"\r\n                             data-width=\"100%\" data-height=\"400px\" style=\"width: 100%; min-height: 400px;\">\r\n                            <h4>Load Google Map<\/h4>\r\n                            <p>By clicking the confirm button, you agree that a connection with Google Maps is established. Your IP address and, if you are logged into your Google account, your Google user information will be forwarded to Google. Information on data protection at Google can be found at: <a href=\"https:\/\/policies.google.com\/privacy?hl=en\" target=\"_blank\" title=\"https:\/\/policies.google.com\/privacy?hl=en\">https:\/\/policies.google.com\/privacy?hl=en<\/a><\/p>\r\n                            <div>\r\n                                <button id=\"map-privacy-check-once\" type=\"button\">Confirm loading of the map\r\n    <\/button>\r\n                                <button id=\"map-privacy-check-always\" type=\"button\">Confirm loading of the map on all sites\r\n    <\/button>\r\n                            <\/div>\r\n                        <\/div>\r\n                    <\/div><\/div><div class=\"btClear btSeparator topSmallSpaced noBorder\" ><hr><\/div><\/div><\/div><\/div><\/div><\/div><div class=\"boldRow \" ><div class=\"boldRowInner\"><div class=\"rowItem col-md-4 col-ms-12 btTextCenter inherit\"  data-width=\"4\"><div class=\"rowItemContent\" ><div class=\"rowItemContentInner\"><\/div><\/div><\/div><div class=\"rowItem col-md-4 col-ms-12 btTextLeft\"  data-width=\"4\"><div class=\"rowItemContent\" ><div class=\"rowItemContentInner\"><a href=\"https:\/\/www.google.de\/maps\/dir\/\/Panoramic+Hotel+Harz,+Dietrichstal+1,+37431+Bad+Lauterberg+im+Harz\/@51.6379257,10.490986,17.05z\/data=!3m1!5s0x47a5194ad40eb57b:0xc51ab87c81572e35!4m19!1m9!3m8!1s0x47a5194b2a3ac857:0x71ca99449521303e!2sPanoramic+Hotel+Harz!5m2!4m1!1i2!8m2!3d51.6374068!4d10.4922151!4m8!1m0!1m5!1m1!1s0x47a5194b2a3ac857:0x71ca99449521303e!2m2!1d10.4922151!2d51.6374068!3e3?hl=de\" class=\"btBtn btBtn btnFilledStyle btnAccentColor btnBig btnNormalWidth btnLeftPosition btnIco\"  target=\"_blank\"><span class=\"btnInnerText\">ROUTE BERECHNEN LASSEN<\/span><span class=\"btIco \"><span  data-ico-cs=\"&#xe025;\" class=\"btIcoHolder\"><\/span><\/span><\/a><\/div><\/div><\/div><div class=\"rowItem col-md-4 col-ms-12 btTextLeft\"  data-width=\"4\"><div class=\"rowItemContent\" ><div class=\"rowItemContentInner\"><\/div><\/div><\/div><\/div><\/div><\/div><\/div><\/div><\/section><section id=\"bt_section69dec847012f3\"  class=\"boldSection bottomSpaced gutter inherit\" ><div class=\"port\"><div class=\"boldCell\"><div class=\"boldCellInner\"><div class=\"boldRow \" ><div class=\"boldRowInner\"><div class=\"rowItem col-md-12 col-ms-12  btTextLeft\"  data-width=\"12\"><div class=\"rowItemContent\" ><div class=\"rowItemContentInner\"><div class=\"btIconImageRow\" ><div class=\"servicesItem  btIcoAccentColorIcon btIcoLargeSizeIcon \"><div class=\"sIcon\"><span class=\"btIco btIcoLargeSize btIcoOutlineType btIcoAccentColor\"><span  data-ico-s7=\"&#xe6ae;\" class=\"btIcoHolder\"><\/span><\/span><\/div><div class=\"sTxt\"><header class=\"header btClear medium\" ><div class=\"dash\"><div class=\"btSuperTitle\"><span>Mit dem Auto<\/span><\/div><h3><span class=\"headline\">Aus Richtung G\u00f6ttingen<\/span><\/h3><\/div><\/header><p>Auf der B27 Richtung Bad Lauterberg\/Braunlage fahren, auf der B27 bleiben, durch den gesamten Ort fahren, am Autohaus \u201eOpel Blume\u201c vorbei, dann an der n\u00e4chsten Stra\u00dfe rechts abbiegen und dem Stra\u00dfenverlauf zum Panoramic-Hotel folgen.<\/p><\/div><\/div><\/div><div class=\"btClear btSeparator topSemiSpaced noBorder\" ><hr><\/div><div class=\"btIconImageRow\" ><div class=\"servicesItem  btIcoAccentColorIcon btIcoLargeSizeIcon \"><div class=\"sIcon\"><span class=\"btIco btIcoLargeSize btIcoOutlineType btIcoAccentColor\"><span  data-ico-s7=\"&#xe6ae;\" class=\"btIcoHolder\"><\/span><\/span><\/div><div class=\"sTxt\"><header class=\"header btClear medium\" ><div class=\"dash\"><div class=\"btSuperTitle\"><span>Mit dem Auto<\/span><\/div><h3><span class=\"headline\">Aus Richtung Nordhausen<\/span><\/h3><\/div><\/header><p>A38 Richtung G\u00f6ttingen, Ausfahrt &#8220;Kreuz Gro\u00dfwechsungen&#8220;, auf die B243 Richtung Osterode, Ausfahrt Bad Lauterberg (Kliniken), an der ersten Ampelkreuzung in Bad Lauterberg rechts abbiegen, durch den gesamten Ort fahren, am Autohaus \u201eOpel Blume\u201c vorbei an der n\u00e4chsten M\u00f6glichkeit rechts abbiegen und dem Stra\u00dfenverlauf zum Panoramic-Hotel folgen.<\/p><\/div><\/div><\/div><div class=\"btClear btSeparator topSemiSpaced noBorder\" ><hr><\/div><div class=\"btIconImageRow\" ><div class=\"servicesItem  btIcoAccentColorIcon btIcoLargeSizeIcon \"><div class=\"sIcon\"><span class=\"btIco btIcoLargeSize btIcoOutlineType btIcoAccentColor\"><span  data-ico-s7=\"&#xe6ae;\" class=\"btIcoHolder\"><\/span><\/span><\/div><div class=\"sTxt\"><header class=\"header btClear medium\" ><div class=\"dash\"><div class=\"btSuperTitle\"><span>Mit dem Auto<\/span><\/div><h3><span class=\"headline\">Aus Richtung Braunlage<\/span><\/h3><\/div><\/header><p>auf der B27 Richtung Bad Lauterberg\/G\u00f6ttingen fahren, in den Ort fahren, am \u201eHotelbetriebsbedarf D\u00f6brich + Kohl\u201c links abbiegen und dem Stra\u00dfenverlauf zum Panoramic-Hotel folgen.<\/p><\/div><\/div><\/div><div class=\"btClear btSeparator topSemiSpaced noBorder\" ><hr><\/div><div class=\"btIconImageRow\" ><div class=\"servicesItem  btIcoAccentColorIcon btIcoLargeSizeIcon \"><div class=\"sIcon\"><span class=\"btIco btIcoLargeSize btIcoOutlineType btIcoAccentColor\"><span  data-ico-cs=\"&#xea4e;\" class=\"btIcoHolder\"><\/span><\/span><\/div><div class=\"sTxt\"><header class=\"header btClear medium\" ><div class=\"dash\"><h3><span class=\"headline\">Parken: Parkplatz f\u00fcr Autos und Motorr\u00e4der direkt am Hotel<\/span><\/h3><\/div><\/header><p>Unser Hotelparkplatz steht Ihnen rund um die Uhr zur Verf\u00fcgung. Das Parken erfolgt kostenfrei auf eigene Gefahr. Auf unserem Parkplatz k\u00f6nnen Sie Ihr Auto oder Motorrad sicher parken. F\u00fcr G\u00e4ste mit Elektroautos oder Hybridfahrzeugen stehen am Hotel Panoramic zwei Lades\u00e4ulen zur Verf\u00fcgung. Dar\u00fcber hinaus stehen Ihnen auch unsere kostenfreien Parkpl\u00e4tze im Masttal, Bad Lauterberg zur Verf\u00fcgung.<\/p><\/div><\/div><\/div><div class=\"btClear btSeparator topSemiSpaced noBorder\" ><hr><\/div><div class=\"btIconImageRow\" ><div class=\"servicesItem  btIcoAccentColorIcon btIcoLargeSizeIcon \"><div class=\"sIcon\"><span class=\"btIco btIcoLargeSize btIcoOutlineType btIcoAccentColor\"><span  data-ico-fa=\"&#xf207;\" class=\"btIcoHolder\"><\/span><\/span><\/div><div class=\"sTxt\"><header class=\"header btClear medium\" ><div class=\"dash\"><div class=\"btSuperTitle\"><span>Bahn \/ Bus<\/span><\/div><h3><span class=\"headline\">Mit \u00f6ffentlichen Verkehrsmitteln<\/span><\/h3><\/div><\/header><p>Fahren Sie bis zum Hauptbahnhof Herzberg am Harz.<\/p><br\/><p>Dann steigen Sie in den Bus 450 Richtung: Am Glockenberg, St. Andreasberg. Sie steigen an der Bushaltestelle Meilerplatz, Bad Lauterberg im Harz aus. Von der Bushaltestelle sind es nur noch 5 Gehminuten zu unserem Hotel.<\/p><\/div><\/div><\/div><\/div><\/div><\/div><\/div><\/div><\/div><\/div><\/div><\/section><\/p>\n<span class=\"et_bloom_bottom_trigger\"><\/span>","protected":false},"excerpt":{"rendered":"","protected":false},"author":1,"featured_media":0,"parent":0,"menu_order":0,"comment_status":"closed","ping_status":"closed","template":"","meta":{"footnotes":""},"class_list":["post-4515","page","type-page","status-publish","hentry"],"aioseo_notices":[],"_links":{"self":[{"href":"https:\/\/www.panoramic-hotel.de\/en\/wp-json\/wp\/v2\/pages\/4515","targetHints":{"allow":["GET"]}}],"collection":[{"href":"https:\/\/www.panoramic-hotel.de\/en\/wp-json\/wp\/v2\/pages"}],"about":[{"href":"https:\/\/www.panoramic-hotel.de\/en\/wp-json\/wp\/v2\/types\/page"}],"author":[{"embeddable":true,"href":"https:\/\/www.panoramic-hotel.de\/en\/wp-json\/wp\/v2\/users\/1"}],"replies":[{"embeddable":true,"href":"https:\/\/www.panoramic-hotel.de\/en\/wp-json\/wp\/v2\/comments?post=4515"}],"version-history":[{"count":5,"href":"https:\/\/www.panoramic-hotel.de\/en\/wp-json\/wp\/v2\/pages\/4515\/revisions"}],"predecessor-version":[{"id":17466,"href":"https:\/\/www.panoramic-hotel.de\/en\/wp-json\/wp\/v2\/pages\/4515\/revisions\/17466"}],"wp:attachment":[{"href":"https:\/\/www.panoramic-hotel.de\/en\/wp-json\/wp\/v2\/media?parent=4515"}],"curies":[{"name":"wp","href":"https:\/\/api.w.org\/{rel}","templated":true}]}}