{"id":4520,"date":"2016-12-15T15:47:59","date_gmt":"2016-12-15T14:47:59","guid":{"rendered":"http:\/\/www.panoramic-hotel.de\/bonusprogramm\/"},"modified":"2025-08-07T10:57:28","modified_gmt":"2025-08-07T08:57:28","slug":"bonusprogramme-2","status":"publish","type":"page","link":"https:\/\/www.panoramic-hotel.de\/en\/bonusprogramme-2\/","title":{"rendered":"Bonus program"},"content":{"rendered":"<p><section id=\"bt_section6a03a8821a898\"  class=\"boldSection gutter inherit\" ><div class=\"port\"><div class=\"boldCell\"><div class=\"boldCellInner\"><div class=\"boldRow \" ><div class=\"boldRowInner\"><div class=\"rowItem col-md-12 col-ms-12  btTextLeft\"  data-width=\"12\"><div class=\"rowItemContent\" ><div class=\"rowItemContentInner\"><header class=\"header btClear extralarge btDash bottomDash  btHeadlineDefaultColor btBottomDashAccentColor\" ><div class=\"dash\"><h1><span class=\"headline\">Bonus program<\/span><\/h1><\/div><\/header><\/div><\/div><\/div><\/div><\/div><div class=\"boldRow \" ><div class=\"boldRowInner\"><div class=\"rowItem col-md-6 col-sm-12 btTextLeft btMiddleVertical\"  data-width=\"6\"><div class=\"rowItemContent\" ><div class=\"rowItemContentInner\"><header class=\"header btClear extralarge btDash topDash  btHeadlineDefaultColor btBottomDashDefaultColor\" ><div class=\"dash\"><h1><span class=\"headline\">Important information<\/span><\/h1><\/div><div class=\"btSubTitle\">We would like to inform you about an important change:<br \/><br>A new, improved bonus program is currently being developed &#8211; unfortunately, a specific start date has not yet been set.<\/div><\/header><div class=\"btText\" ><\/p>\n<p><strong>You should know this:<\/strong><\/p>\n<ul>\n<li>Cash payment of vouchers is generally not possible<\/li>\n<li>Vouchers from our hotel can only be redeemed for direct bookings via the Panoramic Hotel<\/li>\n<li>Cannot be combined with discount campaigns, regular guest packages or other vouchers<\/li>\n<li>For bookings made via tour operators or travel agents, vouchers cannot be redeemed for additional services on site<\/li>\n<li>The general terms and conditions of the Panoramic Hotel apply (available under GTCs)<\/li>\n<\/ul>\n<p>&nbsp;<\/p>\n<p>You will continue to benefit from attractive discounts if you book directly with us. As soon as the new bonus program is finalized, we will of course inform you about all new benefits, discounts and exclusive offers. <\/p>\n<p>&nbsp;<\/p>\n<p><strong>Stay tuned &#8211; it&#8217;s worth it!<\/strong><\/p>\n<p>\n<\/div><div class=\"btClear btSeparator topSmallSpaced noBorder\" ><hr><\/div><\/div><\/div><\/div><div class=\"rowItem col-md-6 col-sm-12 btTextLeft\"  data-width=\"6\"><div class=\"rowItemContent\" ><div class=\"rowItemContentInner\"><div class=\"btClear btSeparator topSemiSpaced noBorder\" ><hr><\/div><div class=\"bpgPhoto \" ><div class = \"btImage\"><img decoding=\"async\" src=\"https:\/\/www.panoramic-hotel.de\/wp-content\/uploads\/2024\/07\/shutterstock_108160241-scaled.jpg\" alt=\"\" ><\/div><\/div><\/div><\/div><\/div><\/div><\/div><div class=\"boldRow \" style=\"display:none;\"><div class=\"boldRowInner\"><div class=\"rowItem col-md-6 col-sm-12 btTextLeft\"  data-width=\"6\"><div class=\"rowItemContent\" ><div class=\"rowItemContentInner\"><header class=\"header btClear small btDash bottomDash  btHeadlineDefaultColor btBottomDashAccentColor\" ><div class=\"dash\"><h4><span class=\"headline\">Log in<\/span><\/h4><\/div><div class=\"btSubTitle\">Sign up here to switch to your exclusive packages.<\/p><br><p><\/div><\/header><div class=\"boldRow \" ><div class=\"boldRowInner\"><div class=\"rowItem rowInnerItem col-ms-12  btTextLeft btHighlight inherit\"  ><div class=\"rowItemContent\"><div class=\"rowItemContentInner\"><div class=\"btClear btSeparator bottomExtraSpaced noBorder\" ><hr><\/div><div class=\"btText\" ><\/p>\n<p><iframe loading=\"lazy\" style=\"background: none; border: currentColor;\" src=\"https:\/\/customer.kunleisys.com\/login.php?uid=98BA9167-5FD8-4A87-A125-1C73B3C2F29F&amp;lang=de\" name=\"Stammgast-Login\" width=\"40%\" height=\"80\" frameborder=\"0\" marginwidth=\"0px\" marginheight=\"0px\" scrolling=\"no\"><\/iframe><\/p>\n<p><noframes>&amp;amp;amp;amp;amp;amp;amp;amp;amp;amp;amp;amp;amp;amp;lt;b&amp;amp;amp;amp;amp;amp;amp;amp;amp;amp;amp;amp;amp;amp;gt;Ihr Browser unterst\u00b8tzt leider keine Inline-Frames!&amp;amp;amp;amp;amp;amp;amp;amp;amp;amp;amp;amp;amp;amp;lt;\/b&amp;amp;amp;amp;amp;amp;amp;amp;amp;amp;amp;amp;amp;amp;gt;&amp;amp;amp;amp;amp;amp;amp;amp;amp;amp;amp;amp;amp;amp;lt;br \/&amp;amp;amp;amp;amp;amp;amp;amp;amp;amp;amp;amp;amp;amp;gt; Bitte aktualisieren Sie Ihren Browser.<\/noframes><\/p>\n<p data-pm-slice=\"1 1 &#091;&#093;\">\n<\/div><\/div><\/div><\/div><\/div><\/div><\/div><\/div><\/div><div class=\"rowItem col-md-6 col-sm-12 btTextLeft inherit\" style=\"display:none;\" data-width=\"6\"><div class=\"rowItemContent\" ><div class=\"rowItemContentInner\"><header class=\"header btClear small btDash bottomDash  btHeadlineDefaultColor btBottomDashAccentColor\" ><div class=\"dash\"><h4><span class=\"headline\">New customer registration<\/span><\/h4><\/div><div class=\"btSubTitle\">If you are a new customer and do not yet have access to the bonus program, you can register here:<\/div><\/header><div class=\"boldRow \" ><div class=\"boldRowInner\"><div class=\"rowItem rowInnerItem col-ms-12  btTextLeft btHighlight inherit\"  ><div class=\"rowItemContent\"><div class=\"rowItemContentInner\"><div class=\"btClear btSeparator bottomExtraSpaced noBorder\" ><hr><\/div><div class=\"btText\" ><\/p>\n<p><iframe loading=\"lazy\" style=\"border: 0px currentColor;\" src=\"https:\/\/customer.kunleisys.com\/login.php?uid=98BA9167-5FD8-4A87-A125-1C73B3C2F29F&amp;lang=de&amp;register=1\" name=\"Gast-Login\" width=\"40%\" height=\"80\" frameborder=\"0\" marginwidth=\"0px\" marginheight=\"0px\" scrolling=\"no\"><\/iframe><\/p>\n<p><noframes>&amp;amp;amp;amp;amp;amp;amp;amp;amp;amp;lt;b&amp;amp;amp;amp;amp;amp;amp;amp;amp;amp;gt;Ihr Browser unterst\u00b8tzt leider keine Inline-Frames!&amp;amp;amp;amp;amp;amp;amp;amp;amp;amp;lt;\/b&amp;amp;amp;amp;amp;amp;amp;amp;amp;amp;gt;&amp;amp;amp;amp;amp;amp;amp;amp;amp;amp;lt;br \/&amp;amp;amp;amp;amp;amp;amp;amp;amp;amp;gt; Bitte aktualisieren Sie Ihren Browser.<\/noframes><\/p>\n<p data-pm-slice=\"1 1 &#091;&#093;\">\n<\/div><\/div><\/div><\/div><\/div><\/div><\/div><\/div><\/div><\/div><\/div><\/div><\/div><\/div><\/section><section id=\"bt_section6a03a8821ba1d\"  class=\"boldSection topSpaced bottomSpaced gutter inherit\" style=\"display:none;\"><div class=\"port\"><div class=\"boldCell\"><div class=\"boldCellInner\"><div class=\"boldRow \" ><div class=\"boldRowInner\"><div class=\"rowItem col-md-8 col-ms-12 btTextLeft btMiddleVertical\"  data-width=\"8\"><div class=\"rowItemContent\" ><div class=\"rowItemContentInner\"><header class=\"header btClear extralarge btDash topDash  btHeadlineDefaultColor btBottomDashDefaultColor\" ><div class=\"dash\"><div class=\"btSuperTitle\"><span>Loyalty pays off<\/span><\/div><h1><span class=\"headline\">Your advantages as a regular guest with our bonus program<\/span><\/h1><\/div><\/header><\/div><\/div><\/div><div class=\"rowItem col-md-4 col-ms-12 btTextLeft btMiddleVertical\"  data-width=\"4\"><div class=\"rowItemContent\" ><div class=\"rowItemContentInner\"><\/div><\/div><\/div><\/div><\/div><div class=\"boldRow \" ><div class=\"boldRowInner\"><div class=\"rowItem col-md-12 col-ms-12  btTextLeft inherit\" style=\"display:none;\" data-width=\"12\"><div class=\"rowItemContent\" ><div class=\"rowItemContentInner\"><div class=\"btText\" ><\/p>\n<div class=\"ce_text block\">\n<p>Profitieren Sie von unseren vielseitigen Angeboten, Pr\u00e4mien und Verg\u00fcnstigungen indem Sie als Stammgast registriert sind und Treuepunkte &#8220;Hexentaler&#8221; sammeln.<\/p>\n<ul>\n<li>Erhalten Sie im Login-Bereich g\u00fcnstigere Raten f\u00fcr ausgew\u00e4hlte Pauschalen und Angebote als auf unserer regul\u00e4ren Homepage<\/li>\n<li>Wandeln Sie Ihre Hexentaler in einen Gutschein um &amp; l\u00f6sen diesen f\u00fcr Ihre Direktbuchung bei uns ein<\/li>\n<\/ul>\n<p><strong>Wie sammeln Sie &#8220;Hexentaler&#8221;?<\/strong><\/p>\n<ul>\n<li>Durch Ihre kostenlose Registrierung im Bonus-Programm<\/li>\n<li>Durch Weiterempfehlung an Freunde, Familie &amp; Bekannte<\/li>\n<li>Aufenthalte in unserem Hotel etc.<\/li>\n<\/ul>\n<p><strong>Wie wandeln Sie &#8220;Hexentaler&#8221; in Gutscheine um?<\/strong><\/p>\n<ul>\n<li>Sie k\u00f6nnen Ihr Guthaben in allen Bereichen unseres Hotels einl\u00f6sen (ausgeschlossen Verrechnung der Kurtaxe und Anwendungen der Vital &amp; Beauty Harmony GbR)<\/li>\n<li>Der Gutschein f\u00fcr Harz-Urlaub ist eine tolle Geschenkidee und kann an Ihre Familie, Freunde oder Bekannte weitergegeben werden<\/li>\n<li>G\u00fcltig f\u00fcr Buchungen die direkt \u00fcber das Apart- &amp; Familienhotel erfolgen<\/li>\n<\/ul>\n<p><strong>Verfallen die Hexentaler?<\/strong><\/p>\n<p>Die Hexentaler verfallen nach 2 Jahren. Die Hexentaler, die wir Ihnen j\u00e4hrlich zum Geburtstag schenken, verfallen nach einem Jahr.<\/p>\n<p><strong>Treue wird in unserem Haus belohnt!<\/strong>\u00a0<strong>Punkte sammeln leicht gemacht \u2013 machen Sie mit?<\/strong><\/p>\n<\/div>\n<div class=\"ce_text block\">\n<p><strong>F\u00fcr eine Anmeldung als Stammgast im Bonus-Programm-Bereich ist eine Registrierung erforderlich.<\/strong><\/p>\n<\/div>\n<p data-pm-slice=\"1 1 &#091;&#093;\">\n<\/div><\/div><\/div><\/div><\/div><\/div><\/div><\/div><\/div><\/section><\/p>\n<span class=\"et_bloom_bottom_trigger\"><\/span>","protected":false},"excerpt":{"rendered":"","protected":false},"author":1,"featured_media":0,"parent":0,"menu_order":0,"comment_status":"closed","ping_status":"closed","template":"","meta":{"footnotes":""},"class_list":["post-4520","page","type-page","status-publish","hentry"],"aioseo_notices":[],"_links":{"self":[{"href":"https:\/\/www.panoramic-hotel.de\/en\/wp-json\/wp\/v2\/pages\/4520","targetHints":{"allow":["GET"]}}],"collection":[{"href":"https:\/\/www.panoramic-hotel.de\/en\/wp-json\/wp\/v2\/pages"}],"about":[{"href":"https:\/\/www.panoramic-hotel.de\/en\/wp-json\/wp\/v2\/types\/page"}],"author":[{"embeddable":true,"href":"https:\/\/www.panoramic-hotel.de\/en\/wp-json\/wp\/v2\/users\/1"}],"replies":[{"embeddable":true,"href":"https:\/\/www.panoramic-hotel.de\/en\/wp-json\/wp\/v2\/comments?post=4520"}],"version-history":[{"count":15,"href":"https:\/\/www.panoramic-hotel.de\/en\/wp-json\/wp\/v2\/pages\/4520\/revisions"}],"predecessor-version":[{"id":27899,"href":"https:\/\/www.panoramic-hotel.de\/en\/wp-json\/wp\/v2\/pages\/4520\/revisions\/27899"}],"wp:attachment":[{"href":"https:\/\/www.panoramic-hotel.de\/en\/wp-json\/wp\/v2\/media?parent=4520"}],"curies":[{"name":"wp","href":"https:\/\/api.w.org\/{rel}","templated":true}]}}