{"id":4553,"date":"2016-12-06T10:10:47","date_gmt":"2016-12-06T09:10:47","guid":{"rendered":"http:\/\/www.panoramic-hotel.de\/unser-hotel\/"},"modified":"2023-07-03T12:00:39","modified_gmt":"2023-07-03T10:00:39","slug":"our-hotel-2","status":"publish","type":"page","link":"https:\/\/www.panoramic-hotel.de\/en\/our-hotel-2\/","title":{"rendered":"Our hotel"},"content":{"rendered":"<p><section id=\"bt_section6a03a85d6f3f3\"  class=\"boldSection topSpaced gutter inherit\" ><div class=\"port\"><div class=\"boldCell\"><div class=\"boldCellInner\"><div class=\"boldRow \" ><div class=\"boldRowInner\"><div class=\"rowItem col-md-9 col-ms-12  btTextLeft\"  data-width=\"9\"><div class=\"rowItemContent\" ><div class=\"rowItemContentInner\"><header class=\"header btClear extralarge btDash bottomDash  btHeadlineDefaultColor btBottomDashAccentColor\" ><div class=\"dash\"><div class=\"btSuperTitle\"><span>Family vacation in Bad Lauterberg<\/span><\/div><h1><span class=\"headline\">Harz hotel with swimming pool, sauna, wellness &amp; three restaurants<\/span><\/h1><\/div><div class=\"btSubTitle\">The popular Panoramic Hotel in Bad Lauterberg in the Harz Mountains offers everything singles, couples and families with children need for time out from everyday life with swimming pool (indoor pool), sauna and wellness and massage offers!<\/p><br><p>Whoever takes a vacation at the Apart- und Familienhotel Panoramic in Bad Lauterberg has booked recreation. Our family-friendly accommodation is completely specialized in vacation pleasures for young and old &#8211; and scores with many inner qualities. Thus, our accommodation enjoys great popularity as a family and children&#8217;s hotel in the Harz Mountains.<\/div><\/header><\/div><\/div><\/div><div class=\"rowItem col-md-3 col-sm-6 col-ms-12 btTextLeft\"  data-width=\"3\"><div class=\"rowItemContent\" ><div class=\"rowItemContentInner\"><\/div><\/div><\/div><\/div><\/div><\/div><\/div><\/div><\/section><section id=\"bt_section6a03a85d6f84f\"  class=\"boldSection bottomSemiSpaced gutter inherit\" ><div class=\"port\"><div class=\"boldCell\"><div class=\"boldCellInner\"><div class=\"boldRow \" ><div class=\"boldRowInner\"><div class=\"rowItem col-md-12 col-ms-12  btTextLeft\"  data-width=\"12\"><div class=\"rowItemContent\" ><div class=\"rowItemContentInner\"><div class=\"slided autoSliderHeight btCarouselSmallNav\" data-simple_arrows=\"yes\"><div class=\"slidedItem firstItem\"  data-thumb=\"\"><div class=\"btSliderPort wBackground cover\" style=\"background-image: url('')\"><div class=\"btSliderCell\" data-slick=\"yes\"><div class=\"btSlideGutter\"><div class=\"btSlidePane\"><div class=\"bpgPhoto \" ><div class = \"btImage\"><img decoding=\"async\" src=\"https:\/\/www.panoramic-hotel.de\/wp-content\/uploads\/2016\/05\/panoramic-hotel-bismarckturm_1126x750.jpg\" alt=\"Harz Hotel Panoramic\" ><\/div><\/div><\/div><\/div><\/div><\/div><\/div><div class=\"slidedItem firstItem\"  data-thumb=\"\"><div class=\"btSliderPort wBackground cover\" style=\"background-image: url('')\"><div class=\"btSliderCell\" data-slick=\"yes\"><div class=\"btSlideGutter\"><div class=\"btSlidePane\"><div class=\"bpgPhoto \" ><div class = \"btImage\"><img decoding=\"async\" src=\"https:\/\/www.panoramic-hotel.de\/wp-content\/uploads\/2016\/11\/Hotel-Bad-Lauterberg-Superior_Apartment-1_1126x750.jpg\" alt=\"Doppelbett mit Bettpolster im Hirsch-Motiv im Superior Apartment\" ><\/div><\/div><\/div><\/div><\/div><\/div><\/div><div class=\"slidedItem firstItem\"  data-thumb=\"\"><div class=\"btSliderPort wBackground cover\" style=\"background-image: url('')\"><div class=\"btSliderCell\" data-slick=\"yes\"><div class=\"btSlideGutter\"><div class=\"btSlidePane\"><div class=\"bpgPhoto \" ><div class = \"btImage\"><img decoding=\"async\" src=\"https:\/\/www.panoramic-hotel.de\/wp-content\/uploads\/2016\/12\/kinder-schwimmbad-panoramic_1126x750.jpg\" alt=\"Kinder im Schwimmbad des Panoramic Hotel Harz\" ><\/div><\/div><\/div><\/div><\/div><\/div><\/div><div class=\"slidedItem firstItem\"  data-thumb=\"\"><div class=\"btSliderPort wBackground cover\" style=\"background-image: url('')\"><div class=\"btSliderCell\" data-slick=\"yes\"><div class=\"btSlideGutter\"><div class=\"btSlidePane\"><div class=\"bpgPhoto \" ><div class = \"btImage\"><img decoding=\"async\" src=\"https:\/\/www.panoramic-hotel.de\/wp-content\/uploads\/2016\/10\/urlaub-harz-hotels-1126x750.jpg\" alt=\"Urlaub Harz Hotels\" ><\/div><\/div><\/div><\/div><\/div><\/div><\/div><\/div><\/div><\/div><\/div><\/div><\/div><div class=\"boldRow \" ><div class=\"boldRowInner\"><div class=\"rowItem col-md-12 col-ms-12  btTextLeft\"  data-width=\"12\"><div class=\"rowItemContent\" ><div class=\"rowItemContentInner\"><div class=\"btClear btSeparator bottomSpaced noBorder\" ><hr><\/div><\/div><\/div><\/div><\/div><\/div><div class=\"boldRow \" ><div class=\"boldRowInner\"><div class=\"rowItem col-md-12 col-ms-12  btTextLeft\"  data-width=\"12\"><div class=\"rowItemContent\" ><div class=\"rowItemContentInner\"><div class=\"btText\" ><\/p>\n<p>The child-friendly family hotel is idyllically located on the outskirts of the small town of Bad Lauterberg <strong>&#8211; <\/strong>far away from the hustle and bustle and traffic. In our 1400 sqm swimming pool &amp; sauna area you can experience the common bathing fun with your whole family. The whitewater canal in the indoor pool lures children into the water and parents relax in the sauna area with two saunas and a steam bath or treat themselves to a soothing massage.<\/p>\n<p>The animation program of our house includes of course also offers for the adult guests: take part in the water gymnastics, guided walks are a pleasure especially in the warmer season. Very brave and sporty vacationers mount a bicycle or mountain bike to explore the beautiful region around the resort of Bad Lauterberg on bike tours. In winter, the numerous downhill slopes with ski lifts or the cross-country skiing trails attract visitors. A vacation in our hotel in Bad Lauterberg offers pure nature!<\/p>\n<p><strong>For its guests, the great strengths of the family hotel in Bad Lauterberg include not only the consistent orientation but also the friendliness and service of the entire team<\/strong>.<\/p>\n<p>Turn your well-deserved vacation into an exciting adventure for young and old! Enjoy a spontaneous short vacation in the Harz Mountains. The entire team of the Panoramic Hotel is pleased to welcome you as guests in our friendly family and children&#8217;s hotel.<\/p>\n<p>\n<\/div><\/div><\/div><\/div><\/div><\/div><\/div><\/div><\/div><\/section><section id=\"bt_section6a03a85d71338\"  class=\"boldSection topSpaced gutter inherit\" ><div class=\"port\"><div class=\"boldCell\"><div class=\"boldCellInner\"><div class=\"boldRow \" ><div class=\"boldRowInner\"><div class=\"rowItem col-md-9 col-ms-12  btTextLeft\"  data-width=\"9\"><div class=\"rowItemContent\" ><div class=\"rowItemContentInner\"><header class=\"header btClear extralarge btDash bottomDash  btHeadlineDefaultColor btBottomDashAccentColor\" ><div class=\"dash\"><div class=\"btSuperTitle\"><span>so much to experience<\/span><\/div><h1><span class=\"headline\">Vacation in the Harz mountains with swimming pool, sauna, massage and wellness offers<\/span><\/h1><\/div><\/header><\/div><\/div><\/div><div class=\"rowItem col-md-3 col-sm-6 col-ms-12 btTextLeft\"  data-width=\"3\"><div class=\"rowItemContent\" ><div class=\"rowItemContentInner\"><\/div><\/div><\/div><\/div><\/div><div class=\"boldRow \" ><div class=\"boldRowInner\"><div class=\"rowItem col-md-12 col-ms-12  btTextLeft\"  data-width=\"12\"><div class=\"rowItemContent\" ><div class=\"rowItemContentInner\"><div class=\"btText\" ><\/p>\n<p><strong>Schwimmbad und Sauna <\/strong>nutzen unsere Hotelg\u00e4ste <strong>ohne Zuzahlung<\/strong>. Sowohl in der <strong>Massage- &amp; Physiotherapie Abteilung <\/strong>als auch bei wohltuenden<strong> Kosmetik- &amp; Fu\u00dfpflege-Behandlungen<\/strong>\u00a0k\u00f6nnen Sie sich von dem Vital Harmony- &amp; Magic Harmony-Team mal so richtig verw\u00f6hnen lassen.<\/p>\n<p>Rund ums Jahr bietet das Hotel Panoramic <strong>attraktive Pauschalen und Arrangements<\/strong>, wie zum Beispiel: \u201eOstern im Harz\u201c oder das \u201cSilvestervergn\u00fcgen\u201d an.<\/p>\n<p>Vier bis f\u00fcnf Personen finden in den <strong>gro\u00dfz\u00fcgig geschnittenen Apartments (48 m\u00b2<\/strong>) ausreichend Platz. Je nach Wunsch k\u00f6nnen Apartments mit getrennten Schlafzimmern f\u00fcr Kinder und Erwachsene gebucht werden. Auch Hunde d\u00fcrfen in besonders gekennzeichneten Zimmern bei ihren Menschen \u00fcbernachten. <strong>Jedes Apartment gl\u00e4nzt durch einen gro\u00dfen Balkon und einem herrlichen Blick direkt in die Natur.<\/strong><\/p>\n<p>Als Urlaubsgebiet ist Bad Lauterberg zu jeder Zeit interessant und gerade auch bei Familien mit Kindern sehr beliebt. Im Rahmen des Aktiv-Programms arrangiert das Hotel Ausfl\u00fcge, Wanderungen, Harzrundfahrten und Besichtigungen in der Region. Die freundlichen Mitarbeiter an der Rezeption geben unseren G\u00e4sten gern und kompetent Tagestipps zum Entdecken und Erforschen die reizvolle Umgebung rings um unser Haus in Bad Lauterberg. Wer mag, f\u00e4hrt mit der Seilbahn zum Hexentanzplatz in Thale, wandert auf Kaisers Pfaden zur Barbarossa-H\u00f6hle oder besucht einen Wildpark. Lust auf st\u00e4dtisches Pflaster befriedigt eine Fahrt nach Goslar, Quedlinburg oder Wernigerode. Ein absolutes Muss im Urlaub ist die Besteigung des Brocken.<\/p>\n<p>\n<\/div><\/div><\/div><\/div><\/div><\/div><div class=\"boldRow \" ><div class=\"boldRowInner\"><div class=\"rowItem col-md-12 col-ms-12  btTextLeft\"  data-width=\"12\"><div class=\"rowItemContent\" ><div class=\"rowItemContentInner\"><div class=\"btClear btSeparator bottomSpaced noBorder\" ><hr><\/div><\/div><\/div><\/div><\/div><\/div><\/div><\/div><\/div><\/section><section id=\"bt_section6a03a85d71983\"  class=\"boldSection gutter\" ><div class=\"port\"><div class=\"boldCell\"><div class=\"boldCellInner\"><\/div><\/div><\/div><\/section><\/p>\n<span class=\"et_bloom_bottom_trigger\"><\/span>","protected":false},"excerpt":{"rendered":"","protected":false},"author":1,"featured_media":0,"parent":0,"menu_order":1,"comment_status":"closed","ping_status":"closed","template":"","meta":{"footnotes":""},"class_list":["post-4553","page","type-page","status-publish","hentry"],"aioseo_notices":[],"_links":{"self":[{"href":"https:\/\/www.panoramic-hotel.de\/en\/wp-json\/wp\/v2\/pages\/4553","targetHints":{"allow":["GET"]}}],"collection":[{"href":"https:\/\/www.panoramic-hotel.de\/en\/wp-json\/wp\/v2\/pages"}],"about":[{"href":"https:\/\/www.panoramic-hotel.de\/en\/wp-json\/wp\/v2\/types\/page"}],"author":[{"embeddable":true,"href":"https:\/\/www.panoramic-hotel.de\/en\/wp-json\/wp\/v2\/users\/1"}],"replies":[{"embeddable":true,"href":"https:\/\/www.panoramic-hotel.de\/en\/wp-json\/wp\/v2\/comments?post=4553"}],"version-history":[{"count":12,"href":"https:\/\/www.panoramic-hotel.de\/en\/wp-json\/wp\/v2\/pages\/4553\/revisions"}],"predecessor-version":[{"id":22503,"href":"https:\/\/www.panoramic-hotel.de\/en\/wp-json\/wp\/v2\/pages\/4553\/revisions\/22503"}],"wp:attachment":[{"href":"https:\/\/www.panoramic-hotel.de\/en\/wp-json\/wp\/v2\/media?parent=4553"}],"curies":[{"name":"wp","href":"https:\/\/api.w.org\/{rel}","templated":true}]}}