{"id":4567,"date":"2017-01-20T12:33:00","date_gmt":"2017-01-20T11:33:00","guid":{"rendered":"http:\/\/www.panoramic-hotel.de\/our-hotel\/essen-und-trinken\/"},"modified":"2026-03-26T09:00:42","modified_gmt":"2026-03-26T08:00:42","slug":"food-and-drinks","status":"publish","type":"page","link":"https:\/\/www.panoramic-hotel.de\/en\/our-hotel-2\/food-and-drinks\/","title":{"rendered":"Food and drinks: Harz Restaurant"},"content":{"rendered":"<p><section id=\"bt_section6a09614c97389\"  class=\"boldSection topSpaced bottomSemiSpaced gutter inherit\" ><div class=\"port\"><div class=\"boldCell\"><div class=\"boldCellInner\"><div class=\"boldRow \" ><div class=\"boldRowInner\"><div class=\"rowItem col-md-8 col-ms-12 btTextLeft\"  data-width=\"8\"><div class=\"rowItemContent\" ><div class=\"rowItemContentInner\"><header class=\"header btClear extralarge btDash bottomDash  btHeadlineDefaultColor btBottomDashAccentColor\" ><div class=\"dash\"><div class=\"btSuperTitle\"><span>Culinary<\/span><\/div><h1><span class=\"headline\">Food &amp; Drink: Our Harz Restaurant<\/span><\/h1><\/div><div class=\"btSubTitle\">We look forward to welcoming you to our three restaurant areas at the Aparthotel Panoramic in Bad Lauterberg. Our kitchen team will be happy to spoil you with culinary delights during your vacation.<\/div><\/header><\/div><\/div><\/div><div class=\"rowItem col-md-4 col-ms-12 btTextLeft\"  data-width=\"4\"><div class=\"rowItemContent\" ><div class=\"rowItemContentInner\"><\/div><\/div><\/div><\/div><\/div><div class=\"boldRow \" ><div class=\"boldRowInner\"><div class=\"rowItem col-md-12 col-ms-12  btTextLeft\"  data-width=\"12\"><div class=\"rowItemContent\" ><div class=\"rowItemContentInner\"><div class=\"slided autoSliderHeight btCarouselSmallNav\"  data-slick='{\"autoplay\":true,\"autoplaySpeed\":3000,\"pauseOnHover\":false,\"pauseOnDotsHover\":true}'data-simple_arrows=\"yes\"><div class=\"slidedItem firstItem\"  data-thumb=\"\"><div class=\"btSliderPort wBackground cover\" style=\"background-image: url('')\"><div class=\"btSliderCell\" data-slick=\"yes\"><div class=\"btSlideGutter\"><div class=\"btSlidePane\"><div class=\"bpgPhoto \" ><div class = \"btImage\"><img decoding=\"async\" src=\"https:\/\/www.panoramic-hotel.de\/wp-content\/uploads\/2023\/06\/Restaurant_Koenigstein_Panoramic_Hotel_Harz_007.jpg\" alt=\"Restaurant K\u00f6nigstein Panoramic Hotel Harz\" ><\/div><\/div><\/div><\/div><\/div><\/div><\/div><div class=\"slidedItem firstItem\"  data-thumb=\"\"><div class=\"btSliderPort wBackground cover\" style=\"background-image: url('')\"><div class=\"btSliderCell\" data-slick=\"yes\"><div class=\"btSlideGutter\"><div class=\"btSlidePane\"><div class=\"bpgPhoto \" ><div class = \"btImage\"><img decoding=\"async\" src=\"https:\/\/www.panoramic-hotel.de\/wp-content\/uploads\/2023\/06\/Restaurant_Koenigstein_Panoramic_Hotel_Harz_Fruehstueck_010.jpg\" alt=\"Restaurant K\u00f6nigstein Hotel Harz Fr\u00fchst\u00fcck\" ><\/div><\/div><\/div><\/div><\/div><\/div><\/div><div class=\"slidedItem firstItem\"  data-thumb=\"\"><div class=\"btSliderPort wBackground cover\" style=\"background-image: url('')\"><div class=\"btSliderCell\" data-slick=\"yes\"><div class=\"btSlideGutter\"><div class=\"btSlidePane\"><div class=\"bpgPhoto \" ><div class = \"btImage\"><img decoding=\"async\" src=\"https:\/\/www.panoramic-hotel.de\/wp-content\/uploads\/2022\/02\/Panoramic_Hotel_Harz_Restaurant_Harzer_Stuben_002-scaled-e1645448599161.jpg\" alt=\"Panoramic Hotel Harz Restaurant Harzer Stuben\" ><\/div><\/div><\/div><\/div><\/div><\/div><\/div><div class=\"slidedItem firstItem\"  data-thumb=\"\"><div class=\"btSliderPort wBackground cover\" style=\"background-image: url('')\"><div class=\"btSliderCell\" data-slick=\"yes\"><div class=\"btSlideGutter\"><div class=\"btSlidePane\"><div class=\"bpgPhoto \" ><div class = \"btImage\"><img decoding=\"async\" src=\"https:\/\/www.panoramic-hotel.de\/wp-content\/uploads\/2022\/02\/Panoramic_Hotel_Harz_Restaurant_Harzer_Stuben_009-scaled-e1645448558971.jpg\" alt=\"\" ><\/div><\/div><\/div><\/div><\/div><\/div><\/div><div class=\"slidedItem firstItem\"  data-thumb=\"\"><div class=\"btSliderPort wBackground cover\" style=\"background-image: url('')\"><div class=\"btSliderCell\" data-slick=\"yes\"><div class=\"btSlideGutter\"><div class=\"btSlidePane\"><div class=\"bpgPhoto \" ><div class = \"btImage\"><img decoding=\"async\" src=\"https:\/\/www.panoramic-hotel.de\/wp-content\/uploads\/2022\/02\/Panoramic_Hotel_Harz_Kaffee_036-scaled-e1645448672289.jpg\" alt=\"\" ><\/div><\/div><\/div><\/div><\/div><\/div><\/div><div class=\"slidedItem firstItem\"  data-thumb=\"\"><div class=\"btSliderPort wBackground cover\" style=\"background-image: url('')\"><div class=\"btSliderCell\" data-slick=\"yes\"><div class=\"btSlideGutter\"><div class=\"btSlidePane\"><div class=\"bpgPhoto \" ><div class = \"btImage\"><img decoding=\"async\" src=\"https:\/\/www.panoramic-hotel.de\/wp-content\/uploads\/2023\/06\/Salatbar_Panoramic_Hotel_Harz_063.jpg\" alt=\"Salatbar Panoramic Hotel Harz\" ><\/div><\/div><\/div><\/div><\/div><\/div><\/div><div class=\"slidedItem firstItem\"  data-thumb=\"\"><div class=\"btSliderPort wBackground cover\" style=\"background-image: url('')\"><div class=\"btSliderCell\" data-slick=\"yes\"><div class=\"btSlideGutter\"><div class=\"btSlidePane\"><div class=\"bpgPhoto \" ><div class = \"btImage\"><img decoding=\"async\" src=\"https:\/\/www.panoramic-hotel.de\/wp-content\/uploads\/2022\/02\/Panoramic_Hotel_Harz_Fruehstueck_Buffet_020-scaled-e1645448844111.jpg\" alt=\"Panoramic Hotel Harz Fr\u00fchst\u00fcck Selbstgemachte Marmelade\" ><\/div><\/div><\/div><\/div><\/div><\/div><\/div><div class=\"slidedItem firstItem\"  data-thumb=\"\"><div class=\"btSliderPort wBackground cover\" style=\"background-image: url('')\"><div class=\"btSliderCell\" data-slick=\"yes\"><div class=\"btSlideGutter\"><div class=\"btSlidePane\"><div class=\"bpgPhoto \" ><div class = \"btImage\"><img decoding=\"async\" src=\"https:\/\/www.panoramic-hotel.de\/wp-content\/uploads\/2022\/02\/Panoramic_Hotel_Harz_Fruehstueck_Buffet_012-scaled-e1645448922601.jpg\" alt=\"Panoramic Hotel Harz Fruehstueck Buffet K\u00e4se\" ><\/div><\/div><\/div><\/div><\/div><\/div><\/div><div class=\"slidedItem firstItem\"  data-thumb=\"\"><div class=\"btSliderPort wBackground cover\" style=\"background-image: url('')\"><div class=\"btSliderCell\" data-slick=\"yes\"><div class=\"btSlideGutter\"><div class=\"btSlidePane\"><div class=\"bpgPhoto \" ><div class = \"btImage\"><img decoding=\"async\" src=\"https:\/\/www.panoramic-hotel.de\/wp-content\/uploads\/2023\/06\/Restaurant_Koenigstein_Panoramic_Hotel_Harz_Fruehstueck_005.jpg\" alt=\"Hotel Harz M\u00fcsli\" ><\/div><\/div><\/div><\/div><\/div><\/div><\/div><div class=\"slidedItem firstItem\"  data-thumb=\"\"><div class=\"btSliderPort wBackground cover\" style=\"background-image: url('')\"><div class=\"btSliderCell\" data-slick=\"yes\"><div class=\"btSlideGutter\"><div class=\"btSlidePane\"><div class=\"bpgPhoto \" ><div class = \"btImage\"><img decoding=\"async\" src=\"https:\/\/www.panoramic-hotel.de\/wp-content\/uploads\/2023\/06\/Kaffee_Kuchen_Panoramic_Hotel_Harz_073.jpg\" alt=\"\" ><\/div><\/div><\/div><\/div><\/div><\/div><\/div><div class=\"slidedItem firstItem\"  data-thumb=\"\"><div class=\"btSliderPort wBackground cover\" style=\"background-image: url('')\"><div class=\"btSliderCell\" data-slick=\"yes\"><div class=\"btSlideGutter\"><div class=\"btSlidePane\"><div class=\"bpgPhoto \" ><div class = \"btImage\"><img decoding=\"async\" src=\"https:\/\/www.panoramic-hotel.de\/wp-content\/uploads\/2022\/02\/Panoramic_Hotel_Harz_Getraenke_033-scaled-e1645448753554.jpg\" alt=\"\" ><\/div><\/div><\/div><\/div><\/div><\/div><\/div><\/div><\/div><\/div><\/div><\/div><\/div><\/div><\/div><\/div><\/section><section id=\"bt_section6a09614c99cb9\"  class=\"boldSection topSmallSpaced bottomSmallSpaced btDarkSkin gutter inherit\" style=\"background-color:#c4cd90;\"><div class=\"port\"><div class=\"boldCell\"><div class=\"boldCellInner\"><div class=\"boldRow \" ><div class=\"boldRowInner\"><div class=\"rowItem col-md-12 col-ms-12  btTextLeft btMiddleVertical\" style=\"font-size: 150%\" data-width=\"12\"><div class=\"rowItemContent\" ><div class=\"rowItemContentInner\"><div class=\"btText\" ><\/p>\n<blockquote>\n<p>One should offer the body something good so that the soul has a desire to dwell in it<\/p>\n<\/blockquote>\n<p>(Teresa of \u00c1vila)<\/p>\n<p>\n<\/div><\/div><\/div><\/div><\/div><\/div><\/div><\/div><\/div><\/section><section id=\"bt_section6a09614c99fac\"  class=\"boldSection topSemiSpaced bottomSpaced gutter inherit\" ><div class=\"port\"><div class=\"boldCell\"><div class=\"boldCellInner\"><div class=\"boldRow \" ><div class=\"boldRowInner\"><div class=\"rowItem col-md-8 col-ms-12 btTextLeft\"  data-width=\"8\"><div class=\"rowItemContent\" ><div class=\"rowItemContentInner\"><header class=\"header btClear extralarge btDash bottomDash  btHeadlineDefaultColor btBottomDashAccentColor\" ><div class=\"dash\"><h1><span class=\"headline\">Culinary delights<\/span><\/h1><\/div><div class=\"btSubTitle\">Look forward to a varied selection of regional delicacies and international specialties. In the stylishly designed restaurant areas, every connoisseur will get their money&#8217;s worth &#8211; whether hearty, light or refined.<\/div><\/header><\/div><\/div><\/div><div class=\"rowItem col-md-4 col-ms-12 btTextLeft\"  data-width=\"4\"><div class=\"rowItemContent\" ><div class=\"rowItemContentInner\"><\/div><\/div><\/div><\/div><\/div><div class=\"boldRow \" ><div class=\"boldRowInner\"><div class=\"rowItem col-md-12 col-ms-12  btTextLeft\"  data-width=\"12\"><div class=\"rowItemContent\" ><div class=\"rowItemContentInner\"><div class=\"btText\" ><\/p>\n<p>The premises of our Harz restaurant offer enough space, especially for larger groups &#8211; ideal for celebrations within the family. Celebrate with us at the Panoramic Hotel &#8211; we leave nothing to be desired! A celebration as part of your booked catering services is possible by prior arrangement and for an additional charge. From loving decoration to a direct view of nature, our restaurants in the Harz Mountains offer the right setting for the delicacies from our kitchen. Freshness and tasty quality and the associated satisfaction of our guests, is always our highest aspiration. In addition to a varied menu, we have for &#8220;guests in a hurry&#8221; every evening, of course, our constantly changing, delicious theme buffet including a rich salad buffet. Whether in a small or large circle, casual or festive, family celebration or corporate event in one of our restaurants in Bad Lauterberg: With attention, friendliness and experience we make sure that your event becomes an unforgettable experience according to your wishes and gives you and your guests beautiful memories.<\/p>\n<p>Please check our website shortly before arrival for current restaurant capacities and possible operational restrictions. On public holidays, especially over Christmas and New Year&#8217;s Eve, restaurant capacities are limited.<\/p>\n<p>\n<\/div><div class=\"btClear btSeparator topSemiSpaced noBorder\" ><hr><\/div><div class=\"boldRow \" ><div class=\"boldRowInner\"><div class=\"rowItem rowInnerItem col-ms-12  btTextLeft\"  ><div class=\"rowItemContent\"><div class=\"rowItemContentInner\"><a href=\"https:\/\/www.panoramic-hotel.de\/wp-content\/uploads\/2026\/03\/KW14_Wochenplan_Harz_Hotel_Panoramic.pdf\" class=\"btBtn btBtn btnFilledStyle btnAccentColor btnSmall btnNormalWidth btnLeftPosition btnIco\"  target=\"_blank\"><span class=\"btnInnerText\">\u00dcBERSICHT MITTAGS- UND ABENDBUFFET KW14<\/span><span class=\"btIco \"><span  data-ico-fa=\"&#xf019;\" class=\"btIcoHolder\"><\/span><\/span><\/a><\/div><\/div><\/div><\/div><\/div><div class=\"btClear btSeparator topSemiSpaced noBorder\" ><hr><\/div><div class=\"boldRow \" ><div class=\"boldRowInner\"><div class=\"rowItem rowInnerItem col-ms-12  btTextLeft\"  ><div class=\"rowItemContent\"><div class=\"rowItemContentInner\"><a href=\"https:\/\/www.panoramic-hotel.de\/wp-content\/uploads\/2025\/02\/a_la_carte_Karte_Panoramic_Hotel_Harz_12022025.pdf\" class=\"btBtn btBtn btnFilledStyle btnAccentColor btnSmall btnNormalWidth btnLeftPosition btnIco\"  target=\"_blank\"><span class=\"btnInnerText\">SPEISEKARTE \u00c1 LA CARTE<\/span><span class=\"btIco \"><span  data-ico-fa=\"&#xf019;\" class=\"btIcoHolder\"><\/span><\/span><\/a><div class=\"btClear btSeparator topSemiSpaced noBorder\" ><hr><\/div><\/div><\/div><\/div><\/div><\/div><div class=\"btClear btSeparator topSemiSpaced noBorder\" ><hr><\/div><div class=\"boldRow \" ><div class=\"boldRowInner\"><div class=\"rowItem rowInnerItem col-ms-12  btTextLeft\"  ><div class=\"rowItemContent\"><div class=\"rowItemContentInner\"><a href=\"https:\/\/www.panoramic-hotel.de\/wp-content\/uploads\/2022\/08\/Kinderkarte_Panoramic_Hotel_Harz.pdf\" class=\"btBtn btBtn btnFilledStyle btnAccentColor btnSmall btnNormalWidth btnLeftPosition btnIco\"  target=\"_blank\"><span class=\"btnInnerText\">KINDERKARTE<\/span><span class=\"btIco \"><span  data-ico-fa=\"&#xf019;\" class=\"btIcoHolder\"><\/span><\/span><\/a><\/div><\/div><\/div><\/div><\/div><\/div><\/div><\/div><\/div><\/div><div class=\"boldRow \" ><div class=\"boldRowInner\"><div class=\"rowItem col-md-4 col-ms-12 btTextLeft inherit\" style=\"display:none;\" data-width=\"4\"><div class=\"rowItemContent\" ><div class=\"rowItemContentInner\"><div class=\"bpgPhoto \" ><div class = \"btImage\"><img decoding=\"async\" src=\"https:\/\/www.panoramic-hotel.de\/wp-content\/uploads\/2024\/09\/Kulinarischer_Kalender_Zwiebeltarte.jpg\" alt=\"\" ><\/div><\/div><div class=\"btClear btSeparator topSmallSpaced noBorder\" ><hr><\/div><header class=\"header btClear medium btDash topDash  btHeadlineDefaultColor btBottomDashDefaultColor\" ><div class=\"dash\"><h3><span class=\"headline\">Culinary calendar<\/span><\/h3><\/div><div class=\"btSubTitle\">Onion tart with lardo, sour cream and wild herbs, served with a glass of Federwei\u00dfer (0.2 l) for just \u20ac11.90 To finish, there&#8217;s a sweet dessert: poor knight with refreshing blueberry sorbet for \u20ac4.50<\/div><\/header><div class=\"btClear btSeparator topSmallSpaced noBorder\" ><hr><\/div><\/div><\/div><\/div><div class=\"rowItem col-md-4 col-ms-12 btTextLeft inherit\" style=\"display:none;\" data-width=\"4\"><div class=\"rowItemContent\" ><div class=\"rowItemContentInner\"><div class=\"bpgPhoto \" ><div class = \"btImage\"><img decoding=\"async\" src=\"https:\/\/www.panoramic-hotel.de\/wp-content\/uploads\/2024\/07\/oktoberfest-harz-panoramic.jpg\" alt=\"\" ><\/div><\/div><div class=\"btClear btSeparator topSmallSpaced noBorder\" ><hr><\/div><header class=\"header btClear medium btDash topDash  btHeadlineDefaultColor btBottomDashDefaultColor\" ><div class=\"dash\"><div class=\"btSuperTitle\"><span>O&#8217;zapft is<\/span><\/div><h3><span class=\"headline\">Bavarian evening<\/span><\/h3><\/div><div class=\"btSubTitle\">On 21.09.2024<\/div><\/header><div class=\"btClear btSeparator topSmallSpaced noBorder\" ><hr><\/div><div class=\"boldRow \" ><div class=\"boldRowInner\"><div class=\"rowItem rowInnerItem col-ms-6  btTextCenter btMiddleVertical\"  ><div class=\"rowItemContent\"><div class=\"rowItemContentInner\"><a href=\"https:\/\/www.panoramic-hotel.de\/2024\/07\/20\/ozapft-is-bayerischer-abend-harz\/\" class=\"btBtn btBtn btnFilledStyle btnAccentColor btnSmall btnFullWidth btnRightPosition btnNoIcon\"  target=\"_blank\"><span class=\"btnInnerText\">Mehr erfahren<\/span><\/a><div class=\"btClear btSeparator topExtraSmallSpaced noBorder\" ><hr><\/div><\/div><\/div><\/div><div class=\"rowItem rowInnerItem col-ms-6  btTextLeft\"  ><div class=\"rowItemContent\"><div class=\"rowItemContentInner\"><header class=\"header btClear small  btHeadlineAccentColor btBottomDashDefaultColor\" ><\/header><\/div><\/div><\/div><\/div><\/div><div class=\"btClear btSeparator topSmallSpaced noBorder\" ><hr><\/div><\/div><\/div><\/div><div class=\"rowItem col-md-4 col-ms-12 btTextLeft inherit\" style=\"display:none;\" data-width=\"4\"><div class=\"rowItemContent\" ><div class=\"rowItemContentInner\"><div class=\"bpgPhoto \" ><div class = \"btImage\"><img decoding=\"async\" src=\"https:\/\/www.panoramic-hotel.de\/wp-content\/uploads\/2016\/12\/urlaub-mit-oma-und-opa-im-harz_1126x750.jpg\" alt=\"Harzurlaub mit Oma und Opa\" ><\/div><\/div><div class=\"btClear btSeparator topSmallSpaced noBorder\" ><hr><\/div><header class=\"header btClear medium btDash topDash  btHeadlineDefaultColor btBottomDashDefaultColor\" ><div class=\"dash\"><h3><span class=\"headline\">Animation program<\/span><\/h3><\/div><div class=\"btSubTitle\"> Whitsun 2024<\/div><\/header><div class=\"btClear btSeparator topSmallSpaced noBorder\" ><hr><\/div><div class=\"boldRow \" ><div class=\"boldRowInner\"><div class=\"rowItem rowInnerItem col-ms-6  btTextCenter btMiddleVertical\"  ><div class=\"rowItemContent\"><div class=\"rowItemContentInner\"><a href=\"https:\/\/www.panoramic-hotel.de\/wp-content\/uploads\/2024\/05\/Pfingsten2024_Familienhotel_Panoramic_Harz.pdf\" class=\"btBtn btBtn btnFilledStyle btnAccentColor btnSmall btnFullWidth btnRightPosition btnIco\" ><span class=\"btnInnerText\">DOWNLOAD<\/span><span class=\"btIco \"><span  data-ico-s7=\"&#xe68b;\" class=\"btIcoHolder\"><\/span><\/span><\/a><div class=\"btClear btSeparator topExtraSmallSpaced noBorder\" ><hr><\/div><\/div><\/div><\/div><div class=\"rowItem rowInnerItem col-ms-6  btTextLeft inherit\"  ><div class=\"rowItemContent\"><div class=\"rowItemContentInner\"><header class=\"header btClear small  btHeadlineAccentColor btBottomDashDefaultColor\" ><\/header><\/div><\/div><\/div><\/div><\/div><div class=\"btClear btSeparator topSmallSpaced noBorder\" ><hr><\/div><\/div><\/div><\/div><\/div><\/div><\/div><\/div><\/div><\/section><\/p>\n<span class=\"et_bloom_bottom_trigger\"><\/span>","protected":false},"excerpt":{"rendered":"","protected":false},"author":1,"featured_media":0,"parent":4553,"menu_order":2,"comment_status":"closed","ping_status":"closed","template":"","meta":{"footnotes":""},"class_list":["post-4567","page","type-page","status-publish","hentry"],"aioseo_notices":[],"_links":{"self":[{"href":"https:\/\/www.panoramic-hotel.de\/en\/wp-json\/wp\/v2\/pages\/4567","targetHints":{"allow":["GET"]}}],"collection":[{"href":"https:\/\/www.panoramic-hotel.de\/en\/wp-json\/wp\/v2\/pages"}],"about":[{"href":"https:\/\/www.panoramic-hotel.de\/en\/wp-json\/wp\/v2\/types\/page"}],"author":[{"embeddable":true,"href":"https:\/\/www.panoramic-hotel.de\/en\/wp-json\/wp\/v2\/users\/1"}],"replies":[{"embeddable":true,"href":"https:\/\/www.panoramic-hotel.de\/en\/wp-json\/wp\/v2\/comments?post=4567"}],"version-history":[{"count":30,"href":"https:\/\/www.panoramic-hotel.de\/en\/wp-json\/wp\/v2\/pages\/4567\/revisions"}],"predecessor-version":[{"id":40304,"href":"https:\/\/www.panoramic-hotel.de\/en\/wp-json\/wp\/v2\/pages\/4567\/revisions\/40304"}],"up":[{"embeddable":true,"href":"https:\/\/www.panoramic-hotel.de\/en\/wp-json\/wp\/v2\/pages\/4553"}],"wp:attachment":[{"href":"https:\/\/www.panoramic-hotel.de\/en\/wp-json\/wp\/v2\/media?parent=4567"}],"curies":[{"name":"wp","href":"https:\/\/api.w.org\/{rel}","templated":true}]}}